{"id":464,"date":"2019-01-31T17:06:08","date_gmt":"2019-01-31T16:06:08","guid":{"rendered":"http:\/\/www.huebner-feuerwerk.de\/?page_id=464"},"modified":"2019-01-31T17:28:31","modified_gmt":"2019-01-31T16:28:31","slug":"datenschutz","status":"publish","type":"page","link":"http:\/\/www.huebner-feuerwerk.de\/?page_id=464","title":{"rendered":"Datenschutz"},"content":{"rendered":"<style>#wrapperk { padding:30px; }#wrapperk h2, li { color:white; }<\/style>\n<div id=\"wrapperk\">\n<h2>Informationen bez\u00fcglich der Erhebung personenbezogener Daten auf diesen Webseiten<\/h2>\n<p>Mit den folgenden Informationen erhalten Sie einen \u00dcberblick \u00fcber unseren Umgang mit personenbezogenen Daten, die mit Ihrer Nutzung dieser Website entstehen und durch uns genutzt werden. Die in Europa geltende Datenschutzgrundverordnung definiert personenbezogene Daten als s\u00e4mtliche Daten, die in pers\u00f6nlichem Bezug zu Ihnen stehen, wie z.B. Ihr Name, Ihre Adresse, Ihre E-Mail-Adressen, oder auch Ihr Surfverhalten.<\/p>\n<p><strong>Verantwortlicher gem. Art. 4 Abs. 7 EU-Datenschutz-Grundverordnung (DS-GVO) ist<\/strong><\/p>\n<p><span class=\"fett\"><strong>Christa H\u00fcbner<\/strong><\/span><br \/>\n<strong>Gro\u00dffeuerwerke \u2022 B\u00fchnenpyrotechnik \u2022 Spezialeffekte<\/strong><br \/>\nAm Wingertsberg 17<br \/>\n67307 G\u00f6llheim<br \/>\nTelefon (06351) 41248<br \/>\nFax (06351) 2714<\/p>\n<p>Email: huebnerfeuerwerk[at]gmx.de<\/p>\n<p>siehe auch unser <a href=\"http:\/\/www.huebner-feuerwerk.de\/?page_id=36\">Impressum<\/a>.<\/p>\n<p><strong>Wenn Sie mit uns per E-Mail in Verbindung treten,<\/strong> speichern wir die von Ihnen mitgeteilten Daten (z.B. Ihre E-Mail-Adresse und Ihren Namen), um Ihre Anfrage zu bearbeiten. Sollte die Speicherung nicht mehr erforderlich sein, werden Ihre Daten von uns wieder gel\u00f6scht, sofern sie nicht im Rahmen gesetzlicher oder sicherheitstechnischer Erfordernisse, weiter aufbewahrt werden m\u00fcssen. Im Falle einer gesetzlichen Aufbewahrungspflicht werden wir die Verarbeitung entsprechend einschr\u00e4nken.<\/p>\n<p>Sollten wir auf <strong>von uns beauftragte Dienstleister (Dritte)<\/strong> zur\u00fcckgreifen, zum Beispiel, um Ihnen werbliche Informationen zukommen zu lassen, werden wir Sie im folgenden datailliert informieren. Dabei benennen wir auch die genauen Kriterien f\u00fcr die Verwendung und der Dauer der Speicherung.<\/p>\n<h2>Ihre Rechte<\/h2>\n<p><strong>Bez\u00fcglich der Sie betreffenden personenbezogenen Daten, d\u00fcrfen Sie uns gegen\u00fcber folgendes verlangen:<\/strong><\/p>\n<ul style=\"margin-left: 50px;\">\n<li>Auskunft<\/li>\n<li>Berichtigung<\/li>\n<li>L\u00f6schung<\/li>\n<li>Einschr\u00e4nkung der Verarbeitung<\/li>\n<li>Widerspruch gegen die Verarbeitung<\/li>\n<li>\u00dcbertragbarkeit Ihrer Daten<\/li>\n<\/ul>\n<p>2. Dar\u00fcber hinaus k\u00f6nnen Sie sich jederzeit bei einer Datenschutz-Aufsichtsbeh\u00f6rde \u00fcber die Verarbeitung Ihrer personenbezogenen Daten durch uns beschweren.<\/p>\n<h2>Erhebung personenbezogener Daten auf diesen Webseiten<\/h2>\n<p><strong>Sie k\u00f6nnen unser Informationsangebot ohne Angabe Ihrer pers\u00f6nlichen Daten nutzen.<\/strong> Aufgrund der technischen Veraussetzungen des Internet erheben wir jedoch automatisch die personenbezogenen Daten, die Ihr Browser an unseren Server \u00fcbermittelt. Diese sind notwendig, damit unser Webserver seine Informationen an genau Ihren Rechner, bzw. Ihren Browser weitergeben kann. Au\u00dferdem werden diese Daten ben\u00f6tigt, um einen sicheren Betrieb des Servers zu gew\u00e4hrleisten. (Rechtsgrundlage diesbez\u00fcglich ist Art. 6 Abs. 1 S. 1 lit. f DS-GVO).<\/p>\n<p><strong>Was wird bei jedem Serverzugriff standardm\u00e4\u00dfig gespeichert:<\/strong><\/p>\n<ul style=\"margin-left: 50px;\">\n<li>Ihre IP-Adresse<\/li>\n<li>Datum und Uhrzeit Ihrer jeweiligen Anfrage<\/li>\n<li>ggf. die Zeitzonendifferenz zur Greenwich Mean Time (GMT)<\/li>\n<li>der Inhalt der Anforderung (z.B. die konkrete Seite oder ein Seitenbestandteil)<\/li>\n<li>der Zugriffsstatus\/HTTP-Statuscode (z.B. &#8220;404 Seite nicht gefunden&#8221;)<\/li>\n<li>die jeweils \u00fcbertragene Datenmenge<\/li>\n<li>die Website, von der die Anforderung gekommen ist (Referrer)<\/li>\n<li>der Browsername nebst angezeigter Versionsnummer und Sprache<\/li>\n<li>das von Ihnen verwendete Betriebssystem<\/li>\n<\/ul>\n<p>Diese Daten werden im Rahmen der gesetzlichen Anforderungen wieder gel\u00f6scht.<\/p>\n<h2>Cookies<\/h2>\n<p>Zur Zeit setzen wir keine Cookies ein.<br \/>\n<!--\n\n\n<h2>Verwendung von Google Webfonts<\/h2>\n\n\nDiese Webseiten verwenden Google-Webfonts, die durch einen Aufruf - zu einem, meist in den USA betriebenen Server - in die Webseiten integriert werden. Damit ist Google in der Lage Daten, wie z.B. Ihre IP-Adresse, Ihre Verweildauer und die von Ihnen hier aufgerufenen Seiten zu erkennen und zu speichern. Sofern Sie bei Google eingeloggt sind, z.B. \u00fcber Google Chrome, einen Youtube-Kanal oder Google Plus, k\u00f6nnte Google diese Daten  nutzen, um ein Pers\u00f6nlichkeitsprofil von Ihnen zu erstellen bzw. zu erweitern. Zur Zeit erkl\u00e4rt Google jedoch dies nicht zu tun. Weitere Informationen dar\u00fcber finden Sie bei Google:\nGoogle LLC\n1600 Amphitheatre Parkway\nMountain View, CA 94043\nUSA\nTel: +1 650 253 0000\nFax: +1 650 253 0001\nE-Mail: <a href=\"mailto:support-de@google.com\">support-de@google.com<\/a>\n\n<a href=\"http:\/\/www.google.com\/fonts#AboutPlace:about\" target=\"_blank\" rel=\"noopener\">www.google.com\/fonts#AboutPlace:about<\/a>\n<a href=\"http:\/\/www.google.com\/policies\/privacy\" target=\"_blank\" rel=\"noopener\">www.google.com\/policies\/privacy\/<\/a>\n\/\/--><\/p>\n<h2>Verwendung von Open Street Map<\/h2>\n<p>Zur Darstellung unseres Standortes nutzen wir Open Street Map.<br \/>\nDurch die Verwendung des Dienstes werden au\u00dfer Ihrer aktuellen IP-Adresse keine pers\u00f6nlichen Daten von Ihnen weitergegeben. Letzteres dient dazu die unsere angefragte Kartenadresse an Ihren Rechner weiterzuleiten.<\/p>\n<h2>Widerspruch Werbe-Mails<\/h2>\n<p>Der Nutzung unserer ver\u00f6ffentlichten Kontaktdaten zur \u00dcbersendung von nicht ausdr\u00fccklich angeforderter Werbung und Informationsmaterialien wird hiermit widersprochen. Die Betreiber dieser Webseiten behalten sich ausdr\u00fccklich rechtliche Schritte im Falle von unverlangt zugesendeten werblichen Informationen &#8211; z.B. mittels E-Mails &#8211; vor.<\/p>\n<h2>Copyright<\/h2>\n<p>Diese Datenschutzerkl\u00e4rung, auch auszugsweise, darf nicht ohne schriftliches Einverst\u00e4ndnis kopiert werden.<br \/>\n\u00a9 2019, alle Rechte vorbehalten, Christa H\u00fcbner Feuerwerk<\/p>\n<\/div>\n","protected":false},"excerpt":{"rendered":"<p>Informationen bez\u00fcglich der Erhebung personenbezogener Daten auf diesen Webseiten Mit den folgenden Informationen erhalten Sie einen \u00dcberblick \u00fcber unseren Umgang mit personenbezogenen Daten, die mit Ihrer Nutzung dieser Website entstehen und durch uns genutzt werden. Die in Europa geltende Datenschutzgrundverordnung<span class=\"ellipsis\">&hellip;<\/span><\/p>\n<div class=\"read-more\"><a href=\"http:\/\/www.huebner-feuerwerk.de\/?page_id=464\">Read more &#8250;<\/a><\/div>\n<p><!-- end of .read-more --><\/p>\n","protected":false},"author":2,"featured_media":0,"parent":0,"menu_order":0,"comment_status":"closed","ping_status":"closed","template":"full-width-page.php","meta":{"footnotes":""},"class_list":["post-464","page","type-page","status-publish","hentry"],"_links":{"self":[{"href":"http:\/\/www.huebner-feuerwerk.de\/index.php?rest_route=\/wp\/v2\/pages\/464","targetHints":{"allow":["GET"]}}],"collection":[{"href":"http:\/\/www.huebner-feuerwerk.de\/index.php?rest_route=\/wp\/v2\/pages"}],"about":[{"href":"http:\/\/www.huebner-feuerwerk.de\/index.php?rest_route=\/wp\/v2\/types\/page"}],"author":[{"embeddable":true,"href":"http:\/\/www.huebner-feuerwerk.de\/index.php?rest_route=\/wp\/v2\/users\/2"}],"replies":[{"embeddable":true,"href":"http:\/\/www.huebner-feuerwerk.de\/index.php?rest_route=%2Fwp%2Fv2%2Fcomments&post=464"}],"version-history":[{"count":11,"href":"http:\/\/www.huebner-feuerwerk.de\/index.php?rest_route=\/wp\/v2\/pages\/464\/revisions"}],"predecessor-version":[{"id":479,"href":"http:\/\/www.huebner-feuerwerk.de\/index.php?rest_route=\/wp\/v2\/pages\/464\/revisions\/479"}],"wp:attachment":[{"href":"http:\/\/www.huebner-feuerwerk.de\/index.php?rest_route=%2Fwp%2Fv2%2Fmedia&parent=464"}],"curies":[{"name":"wp","href":"https:\/\/api.w.org\/{rel}","templated":true}]}}