{"id":320,"date":"2013-10-02T20:56:37","date_gmt":"2013-10-02T18:56:37","guid":{"rendered":"http:\/\/www.huebner-feuerwerk.de\/cms\/?page_id=320"},"modified":"2013-10-02T20:56:37","modified_gmt":"2013-10-02T18:56:37","slug":"spanisches-feuerwerk-2","status":"publish","type":"page","link":"http:\/\/www.huebner-feuerwerk.de\/?page_id=320","title":{"rendered":"Spanisches Feuerwerk"},"content":{"rendered":"<p>Nicht das Feuerwerk aus diesem sonnendurchfluteten Land einseitig w\u00e4re &#8211; o nein, spanisches Feuerwerk sind auch Feuerwerksbomben, effektvolle Bombettenrohre und rauschende Font\u00e4nen. Und nat\u00fcrlich ohrenbet\u00e4ubende Donnerschl\u00e4ge.<\/p>\n<p>Doch wie gesagt &#8211; die Raketen sind das typische Merkmal &#8211; in schneller Schu\u00dffolge &#8211; Schlag auf Schlag oder in Massenabsch\u00fcssen als gigantischer Blumenstrau\u00df aus Lichtschweifen und bunten Bl\u00fcten aus Feuer &#8211; goldene Garben, flackerndes Wetterleuchten aus flimmernden Sternen, spanisches Feuerwerk ist lebhaft und laut.<\/p>\n<p>Wenn Sie f\u00fcr spanisches Feuerwerk schw\u00e4rmen &#8211; wir geben Ihrer Fiesta den passenden H\u00f6hepunkt. Ol\u00e9!<\/p>\n","protected":false},"excerpt":{"rendered":"<p>Nicht das Feuerwerk aus diesem sonnendurchfluteten Land einseitig w\u00e4re &#8211; o nein, spanisches Feuerwerk sind auch Feuerwerksbomben, effektvolle Bombettenrohre und rauschende Font\u00e4nen. Und nat\u00fcrlich ohrenbet\u00e4ubende Donnerschl\u00e4ge. Doch wie gesagt &#8211; die Raketen sind das typische Merkmal &#8211; in schneller Schu\u00dffolge<span class=\"ellipsis\">&hellip;<\/span><\/p>\n<div class=\"read-more\"><a href=\"http:\/\/www.huebner-feuerwerk.de\/?page_id=320\">Read more &#8250;<\/a><\/div>\n<p><!-- end of .read-more --><\/p>\n","protected":false},"author":2,"featured_media":322,"parent":28,"menu_order":0,"comment_status":"closed","ping_status":"closed","template":"sidebar-content-half-page.php","meta":{"footnotes":""},"class_list":["post-320","page","type-page","status-publish","has-post-thumbnail","hentry"],"_links":{"self":[{"href":"http:\/\/www.huebner-feuerwerk.de\/index.php?rest_route=\/wp\/v2\/pages\/320","targetHints":{"allow":["GET"]}}],"collection":[{"href":"http:\/\/www.huebner-feuerwerk.de\/index.php?rest_route=\/wp\/v2\/pages"}],"about":[{"href":"http:\/\/www.huebner-feuerwerk.de\/index.php?rest_route=\/wp\/v2\/types\/page"}],"author":[{"embeddable":true,"href":"http:\/\/www.huebner-feuerwerk.de\/index.php?rest_route=\/wp\/v2\/users\/2"}],"replies":[{"embeddable":true,"href":"http:\/\/www.huebner-feuerwerk.de\/index.php?rest_route=%2Fwp%2Fv2%2Fcomments&post=320"}],"version-history":[{"count":1,"href":"http:\/\/www.huebner-feuerwerk.de\/index.php?rest_route=\/wp\/v2\/pages\/320\/revisions"}],"predecessor-version":[{"id":321,"href":"http:\/\/www.huebner-feuerwerk.de\/index.php?rest_route=\/wp\/v2\/pages\/320\/revisions\/321"}],"up":[{"embeddable":true,"href":"http:\/\/www.huebner-feuerwerk.de\/index.php?rest_route=\/wp\/v2\/pages\/28"}],"wp:featuredmedia":[{"embeddable":true,"href":"http:\/\/www.huebner-feuerwerk.de\/index.php?rest_route=\/wp\/v2\/media\/322"}],"wp:attachment":[{"href":"http:\/\/www.huebner-feuerwerk.de\/index.php?rest_route=%2Fwp%2Fv2%2Fmedia&parent=320"}],"curies":[{"name":"wp","href":"https:\/\/api.w.org\/{rel}","templated":true}]}}