{"id":303,"date":"2013-10-02T19:10:22","date_gmt":"2013-10-02T17:10:22","guid":{"rendered":"http:\/\/www.huebner-feuerwerk.de\/cms\/?page_id=303"},"modified":"2013-10-02T19:10:22","modified_gmt":"2013-10-02T17:10:22","slug":"japanisches-feuerwerk","status":"publish","type":"page","link":"http:\/\/www.huebner-feuerwerk.de\/?page_id=303","title":{"rendered":"Japanisches Feuerwerk"},"content":{"rendered":"<p>Wer sich von japanischem Feuerwerk, in der Landessprache Hanabi (&#8220;Feuerblume&#8221;) genannt, faszinieren lassen will, w\u00e4hlt etwas Besonderes.<\/p>\n<p>Ganz Ausdruck fern\u00f6stlicher Poesie entzieht sich die Pr\u00e4sentation oberfl\u00e4chlichen europ\u00e4ischen Ma\u00dfst\u00e4ben.<\/p>\n<p>Zentrales Thema ist die Natur &#8211; ein roter Faden, der sich in Form und Namen durch japanische Feuerwerksprogramme zieht.<\/p>\n<p>Haupttr\u00e4ger der Lichtfiguren am Himmel ist die Kugelbombe &#8211; alle Formen gehen von der Kugel aus &#8211; sei es als strahlende Chrysantheme, die aus Schweifsternen erbl\u00fcht, als P\u00e4onie aus zahllosen Lichtpunkten in wandelnder Farbe, als Weide mit herabsinkenden Zweigen aus Gold oder als leuchtende Palme aus Brillantfeuer.<\/p>\n<p>Japanisches Feuerwerk &#8211; Harmonie, Poesie, Perfektion.<\/p>\n","protected":false},"excerpt":{"rendered":"<p>Wer sich von japanischem Feuerwerk, in der Landessprache Hanabi (&#8220;Feuerblume&#8221;) genannt, faszinieren lassen will, w\u00e4hlt etwas Besonderes. Ganz Ausdruck fern\u00f6stlicher Poesie entzieht sich die Pr\u00e4sentation oberfl\u00e4chlichen europ\u00e4ischen Ma\u00dfst\u00e4ben. Zentrales Thema ist die Natur &#8211; ein roter Faden, der sich in<span class=\"ellipsis\">&hellip;<\/span><\/p>\n<div class=\"read-more\"><a href=\"http:\/\/www.huebner-feuerwerk.de\/?page_id=303\">Read more &#8250;<\/a><\/div>\n<p><!-- end of .read-more --><\/p>\n","protected":false},"author":2,"featured_media":305,"parent":28,"menu_order":0,"comment_status":"closed","ping_status":"closed","template":"sidebar-content-half-page.php","meta":{"footnotes":""},"class_list":["post-303","page","type-page","status-publish","has-post-thumbnail","hentry"],"_links":{"self":[{"href":"http:\/\/www.huebner-feuerwerk.de\/index.php?rest_route=\/wp\/v2\/pages\/303","targetHints":{"allow":["GET"]}}],"collection":[{"href":"http:\/\/www.huebner-feuerwerk.de\/index.php?rest_route=\/wp\/v2\/pages"}],"about":[{"href":"http:\/\/www.huebner-feuerwerk.de\/index.php?rest_route=\/wp\/v2\/types\/page"}],"author":[{"embeddable":true,"href":"http:\/\/www.huebner-feuerwerk.de\/index.php?rest_route=\/wp\/v2\/users\/2"}],"replies":[{"embeddable":true,"href":"http:\/\/www.huebner-feuerwerk.de\/index.php?rest_route=%2Fwp%2Fv2%2Fcomments&post=303"}],"version-history":[{"count":1,"href":"http:\/\/www.huebner-feuerwerk.de\/index.php?rest_route=\/wp\/v2\/pages\/303\/revisions"}],"predecessor-version":[{"id":304,"href":"http:\/\/www.huebner-feuerwerk.de\/index.php?rest_route=\/wp\/v2\/pages\/303\/revisions\/304"}],"up":[{"embeddable":true,"href":"http:\/\/www.huebner-feuerwerk.de\/index.php?rest_route=\/wp\/v2\/pages\/28"}],"wp:featuredmedia":[{"embeddable":true,"href":"http:\/\/www.huebner-feuerwerk.de\/index.php?rest_route=\/wp\/v2\/media\/305"}],"wp:attachment":[{"href":"http:\/\/www.huebner-feuerwerk.de\/index.php?rest_route=%2Fwp%2Fv2%2Fmedia&parent=303"}],"curies":[{"name":"wp","href":"https:\/\/api.w.org\/{rel}","templated":true}]}}