{"id":300,"date":"2013-10-02T19:10:22","date_gmt":"2013-10-02T17:10:22","guid":{"rendered":"http:\/\/www.huebner-feuerwerk.de\/cms\/?page_id=300"},"modified":"2013-10-02T19:10:22","modified_gmt":"2013-10-02T17:10:22","slug":"italienisches-feuerwerk","status":"publish","type":"page","link":"http:\/\/www.huebner-feuerwerk.de\/?page_id=300","title":{"rendered":"Italienisches Feuerwerk"},"content":{"rendered":"<p>Bunt, laut und rasant &#8211; das ist der Charakter der Feuerwerke in mediterranen L\u00e4ndern, ganz Abbild der farbenfrohen und lebensbejahenden Mentalit\u00e4t seiner Bewohner.<\/p>\n<p>Italien als Wiege der europ\u00e4ischen Pyrotechnik hat wie kaum ein anderes Land die Geschichte der Feuerwerkskunst gepr\u00e4gt.<\/p>\n<p>Entsprechend atemberaubend sind die Effekte &#8211; hervorzuheben insbesondere die italienischen Zylinderbomben, oft mit mehreren Zerlegungen in verschiedener H\u00f6he &#8211; glitzernde Sterne, weitausladende Polypen, wirbelnde Bombetten und schmetternde Schlu\u00dfkanonaden.<\/p>\n<p>Wenn Lebensfreude das Motto Ihrer Veranstaltung ist, lassen Sie sich von uns mit einer pyrotechnischen Reise ins sonnige Italien begeistern.<\/p>\n","protected":false},"excerpt":{"rendered":"<p>Bunt, laut und rasant &#8211; das ist der Charakter der Feuerwerke in mediterranen L\u00e4ndern, ganz Abbild der farbenfrohen und lebensbejahenden Mentalit\u00e4t seiner Bewohner. Italien als Wiege der europ\u00e4ischen Pyrotechnik hat wie kaum ein anderes Land die Geschichte der Feuerwerkskunst gepr\u00e4gt.<span class=\"ellipsis\">&hellip;<\/span><\/p>\n<div class=\"read-more\"><a href=\"http:\/\/www.huebner-feuerwerk.de\/?page_id=300\">Read more &#8250;<\/a><\/div>\n<p><!-- end of .read-more --><\/p>\n","protected":false},"author":2,"featured_media":301,"parent":28,"menu_order":0,"comment_status":"closed","ping_status":"closed","template":"sidebar-content-half-page.php","meta":{"footnotes":""},"class_list":["post-300","page","type-page","status-publish","has-post-thumbnail","hentry"],"_links":{"self":[{"href":"http:\/\/www.huebner-feuerwerk.de\/index.php?rest_route=\/wp\/v2\/pages\/300","targetHints":{"allow":["GET"]}}],"collection":[{"href":"http:\/\/www.huebner-feuerwerk.de\/index.php?rest_route=\/wp\/v2\/pages"}],"about":[{"href":"http:\/\/www.huebner-feuerwerk.de\/index.php?rest_route=\/wp\/v2\/types\/page"}],"author":[{"embeddable":true,"href":"http:\/\/www.huebner-feuerwerk.de\/index.php?rest_route=\/wp\/v2\/users\/2"}],"replies":[{"embeddable":true,"href":"http:\/\/www.huebner-feuerwerk.de\/index.php?rest_route=%2Fwp%2Fv2%2Fcomments&post=300"}],"version-history":[{"count":1,"href":"http:\/\/www.huebner-feuerwerk.de\/index.php?rest_route=\/wp\/v2\/pages\/300\/revisions"}],"predecessor-version":[{"id":302,"href":"http:\/\/www.huebner-feuerwerk.de\/index.php?rest_route=\/wp\/v2\/pages\/300\/revisions\/302"}],"up":[{"embeddable":true,"href":"http:\/\/www.huebner-feuerwerk.de\/index.php?rest_route=\/wp\/v2\/pages\/28"}],"wp:featuredmedia":[{"embeddable":true,"href":"http:\/\/www.huebner-feuerwerk.de\/index.php?rest_route=\/wp\/v2\/media\/301"}],"wp:attachment":[{"href":"http:\/\/www.huebner-feuerwerk.de\/index.php?rest_route=%2Fwp%2Fv2%2Fmedia&parent=300"}],"curies":[{"name":"wp","href":"https:\/\/api.w.org\/{rel}","templated":true}]}}