{"id":294,"date":"2013-10-02T20:54:59","date_gmt":"2013-10-02T18:54:59","guid":{"rendered":"http:\/\/www.huebner-feuerwerk.de\/cms\/?page_id=294"},"modified":"2013-10-02T20:55:32","modified_gmt":"2013-10-02T18:55:32","slug":"musikfeuerwerk","status":"publish","type":"page","link":"http:\/\/www.huebner-feuerwerk.de\/?page_id=294","title":{"rendered":"Musikfeuerwerk"},"content":{"rendered":"<p>Kompositionen aus Klang und Feuer &#8211; das tiefgreifende Erlebnis einer Symbiose von elementaren Reizen &#8211; fesselt die Sinne wie kaum ein anderes Erlebnis.<\/p>\n<p>Gef\u00fchlvoll folgt die Pyrotechnik den Stimmungen der Musik &#8211; in Fom, Farbe und Dynamik &#8211; sekundengenau digital nach einem liebevoll erarbeiteten Z\u00fcndplan ausgel\u00f6st.<\/p>\n<p>Majest\u00e4tisch, weit ausladende Kometen in goldenem Feuer zur kraftvoll getragenen Ouvert\u00fcre eines klassischen Werkes oder in Intervallen aufzuckende Feuertopfgarben zu rhythmisch betonter Rockmusik &#8211; in jedem Fall erwartet Sie ein unverg\u00e4ngliches Ereignis, das Ergebnis technischer Pr\u00e4zision gepaart mit k\u00fcnstlerischer Sensibilit\u00e4t &#8211; eine Leistung, auf die wir mit Recht sehr stolz sind.<\/p>\n","protected":false},"excerpt":{"rendered":"<p>Kompositionen aus Klang und Feuer &#8211; das tiefgreifende Erlebnis einer Symbiose von elementaren Reizen &#8211; fesselt die Sinne wie kaum ein anderes Erlebnis. Gef\u00fchlvoll folgt die Pyrotechnik den Stimmungen der Musik &#8211; in Fom, Farbe und Dynamik &#8211; sekundengenau digital<span class=\"ellipsis\">&hellip;<\/span><\/p>\n<div class=\"read-more\"><a href=\"http:\/\/www.huebner-feuerwerk.de\/?page_id=294\">Read more &#8250;<\/a><\/div>\n<p><!-- end of .read-more --><\/p>\n","protected":false},"author":2,"featured_media":295,"parent":28,"menu_order":0,"comment_status":"closed","ping_status":"closed","template":"sidebar-content-half-page.php","meta":{"footnotes":""},"class_list":["post-294","page","type-page","status-publish","has-post-thumbnail","hentry"],"_links":{"self":[{"href":"http:\/\/www.huebner-feuerwerk.de\/index.php?rest_route=\/wp\/v2\/pages\/294","targetHints":{"allow":["GET"]}}],"collection":[{"href":"http:\/\/www.huebner-feuerwerk.de\/index.php?rest_route=\/wp\/v2\/pages"}],"about":[{"href":"http:\/\/www.huebner-feuerwerk.de\/index.php?rest_route=\/wp\/v2\/types\/page"}],"author":[{"embeddable":true,"href":"http:\/\/www.huebner-feuerwerk.de\/index.php?rest_route=\/wp\/v2\/users\/2"}],"replies":[{"embeddable":true,"href":"http:\/\/www.huebner-feuerwerk.de\/index.php?rest_route=%2Fwp%2Fv2%2Fcomments&post=294"}],"version-history":[{"count":1,"href":"http:\/\/www.huebner-feuerwerk.de\/index.php?rest_route=\/wp\/v2\/pages\/294\/revisions"}],"predecessor-version":[{"id":296,"href":"http:\/\/www.huebner-feuerwerk.de\/index.php?rest_route=\/wp\/v2\/pages\/294\/revisions\/296"}],"up":[{"embeddable":true,"href":"http:\/\/www.huebner-feuerwerk.de\/index.php?rest_route=\/wp\/v2\/pages\/28"}],"wp:featuredmedia":[{"embeddable":true,"href":"http:\/\/www.huebner-feuerwerk.de\/index.php?rest_route=\/wp\/v2\/media\/295"}],"wp:attachment":[{"href":"http:\/\/www.huebner-feuerwerk.de\/index.php?rest_route=%2Fwp%2Fv2%2Fmedia&parent=294"}],"curies":[{"name":"wp","href":"https:\/\/api.w.org\/{rel}","templated":true}]}}