{"id":288,"date":"2013-10-02T18:56:53","date_gmt":"2013-10-02T16:56:53","guid":{"rendered":"http:\/\/www.huebner-feuerwerk.de\/cms\/?page_id=288"},"modified":"2013-10-02T18:56:53","modified_gmt":"2013-10-02T16:56:53","slug":"feuerschriften","status":"publish","type":"page","link":"http:\/\/www.huebner-feuerwerk.de\/?page_id=288","title":{"rendered":"Feuerschriften"},"content":{"rendered":"<p>Botschaften aus Licht sind un\u00fcbersehbar. Egal ob es sich um ein Firmenzeichen, Stadtwappen, einen Werbeslogan oder Gr\u00fcsse handelt &#8211; wir malen f\u00fcr Sie aus Feuer nach Ihren Entw\u00fcrfen.<\/p>\n<p>Selbstverst\u00e4ndlich sind auch Zahlen &#8211; zu einem Jubil\u00e4um oder Geburtstag etwa &#8211; kein Problem.<\/p>\n<p>Die Standardbuchstabenh\u00f6he unserer Feuerschriften betr\u00e4gt 2m, das bedeutet klare Lesbarkeit auch \u00fcber grosse Entfernungen. Und das strahlend rote Licht der Flammen sorgt \u00fcber die gesamte Brenndauer von ca. 4 Minuten sicher daf\u00fcr, dass von Ihrer Botschaft nichts verloren geht.<\/p>\n<p>Variationen gef\u00e4llig? Andere Farben, andere Brenndauer, anderes Format oder gar aus Feuer ohne Rauch &#8211; lassen Sie sich von uns beraten, wir haben mit Sicherheit die richtige L\u00f6sung f\u00fcr Sie.<\/p>\n","protected":false},"excerpt":{"rendered":"<p>Botschaften aus Licht sind un\u00fcbersehbar. Egal ob es sich um ein Firmenzeichen, Stadtwappen, einen Werbeslogan oder Gr\u00fcsse handelt &#8211; wir malen f\u00fcr Sie aus Feuer nach Ihren Entw\u00fcrfen. Selbstverst\u00e4ndlich sind auch Zahlen &#8211; zu einem Jubil\u00e4um oder Geburtstag etwa &#8211;<span class=\"ellipsis\">&hellip;<\/span><\/p>\n<div class=\"read-more\"><a href=\"http:\/\/www.huebner-feuerwerk.de\/?page_id=288\">Read more &#8250;<\/a><\/div>\n<p><!-- end of .read-more --><\/p>\n","protected":false},"author":2,"featured_media":289,"parent":28,"menu_order":0,"comment_status":"closed","ping_status":"closed","template":"sidebar-content-half-page.php","meta":{"footnotes":""},"class_list":["post-288","page","type-page","status-publish","has-post-thumbnail","hentry"],"_links":{"self":[{"href":"http:\/\/www.huebner-feuerwerk.de\/index.php?rest_route=\/wp\/v2\/pages\/288","targetHints":{"allow":["GET"]}}],"collection":[{"href":"http:\/\/www.huebner-feuerwerk.de\/index.php?rest_route=\/wp\/v2\/pages"}],"about":[{"href":"http:\/\/www.huebner-feuerwerk.de\/index.php?rest_route=\/wp\/v2\/types\/page"}],"author":[{"embeddable":true,"href":"http:\/\/www.huebner-feuerwerk.de\/index.php?rest_route=\/wp\/v2\/users\/2"}],"replies":[{"embeddable":true,"href":"http:\/\/www.huebner-feuerwerk.de\/index.php?rest_route=%2Fwp%2Fv2%2Fcomments&post=288"}],"version-history":[{"count":1,"href":"http:\/\/www.huebner-feuerwerk.de\/index.php?rest_route=\/wp\/v2\/pages\/288\/revisions"}],"predecessor-version":[{"id":290,"href":"http:\/\/www.huebner-feuerwerk.de\/index.php?rest_route=\/wp\/v2\/pages\/288\/revisions\/290"}],"up":[{"embeddable":true,"href":"http:\/\/www.huebner-feuerwerk.de\/index.php?rest_route=\/wp\/v2\/pages\/28"}],"wp:featuredmedia":[{"embeddable":true,"href":"http:\/\/www.huebner-feuerwerk.de\/index.php?rest_route=\/wp\/v2\/media\/289"}],"wp:attachment":[{"href":"http:\/\/www.huebner-feuerwerk.de\/index.php?rest_route=%2Fwp%2Fv2%2Fmedia&parent=288"}],"curies":[{"name":"wp","href":"https:\/\/api.w.org\/{rel}","templated":true}]}}